{"id":118,"date":"2017-12-10T20:17:12","date_gmt":"2017-12-10T18:17:12","guid":{"rendered":"http:\/\/tommustester.wpengine.com\/?page_id=118"},"modified":"2020-10-30T10:26:12","modified_gmt":"2020-10-30T08:26:12","slug":"tyonaytteet","status":"publish","type":"page","link":"https:\/\/506ikkunaa.fi\/?page_id=118","title":{"rendered":"Referenssit"},"content":{"rendered":"<p>[vc_section][vc_row][vc_column][vc_column_text]<\/p>\n<h4 class=\"text-color\">Referenssit.<\/h4>\n<p>Suurin osa t\u00f6ist\u00e4ni on niin isoille, kuin pienillekin toimijoille tehty\u00e4 alihankintaa ja my\u00f6s salassapidon alaista, mutta t\u00e4ss\u00e4 joitakin valikoituja ty\u00f6n\u00e4ytteit\u00e4 vuosien varrelta.[\/vc_column_text][\/vc_column][\/vc_row][\/vc_section][vc_row full_width=&#8221;stretch_row_content_no_spaces&#8221;][vc_column]<!-- works -->\n<div class=\"section pt-0 pb-0\">\n\t\n\t\n<div class=\"filters\">\n\t<div class=\"container\">\n\t\t<ul class=\"filters-list\">\n\t\t\t\n\t\t\t<li data-filter=\"*\" class=\"active\">Show All<\/li>\n\t\t\t\n\t\t\t<li data-filter=\".graafinen-suunnittelu\">Graafinen suunnittelu<\/li><li data-filter=\".logosuunnittelu\">Logosuunnittelu<\/li><li data-filter=\".videotyot\">Videoty\u00f6t<\/li><li data-filter=\".web-suunnittelu\">Web-suunnittelu<\/li><li data-filter=\".wordpress\">WordPress<\/li>\n\t\t<\/ul>\n\t<\/div>\n<\/div>\n\t<div class=\"gallery full bg-grey\" data-cols=\"4\" data-margin=\"20\" data-height=\"1\">\n\t\t\n<div id=\"portfolio-290\" class=\"entry work-entry  videotyot w2 h2\">\n\t<a href=\"https:\/\/506ikkunaa.fi\/?portfolio=insomnium-pale-morning-star\">\n\t\t\n\t\t\t\t\t<div class=\"entry--content\" data-bg=\"https:\/\/506ikkunaa.fi\/wp-content\/uploads\/2019\/10\/INSOMNIUM_-_Pale_Morning_Star__Lyric_Video-1900x1015.jpg\"><\/div>\n\t\t\t\t\n\t\t<div class=\"overlay overlay-light hidden\" data-overlay=\"9\" data-pos=\"bottom\">\n\t\t\t<div class=\"overlay-content\">\n\t\t\t\t<h5 class=\"title\">Insomnium &#8211; Pale Morning Star<\/h5>\t\t\t\t<div class=\"cat\">Videoty\u00f6t<\/div>\n\t\t\t<\/div>\n\t\t<\/div>\n\t\t\n\t<\/a>\n<\/div>\n<div id=\"portfolio-93\" class=\"entry work-entry  web-suunnittelu wordpress \">\n\t<a href=\"https:\/\/506ikkunaa.fi\/?portfolio=vaso\">\n\t\t\n\t\t\t\t\t<div class=\"entry--content\" data-bg=\"https:\/\/506ikkunaa.fi\/wp-content\/uploads\/2019\/10\/vaso2-1365x1024.jpg\"><\/div>\n\t\t\t\t\n\t\t<div class=\"overlay overlay-light hidden\" data-overlay=\"9\" data-pos=\"bottom\">\n\t\t\t<div class=\"overlay-content\">\n\t\t\t\t<h5 class=\"title\">Vaso.fi<\/h5>\t\t\t\t<div class=\"cat\">Web-suunnittelu, WordPress<\/div>\n\t\t\t<\/div>\n\t\t<\/div>\n\t\t\n\t<\/a>\n<\/div>\n<div id=\"portfolio-94\" class=\"entry work-entry  graafinen-suunnittelu web-suunnittelu wordpress \">\n\t<a href=\"https:\/\/506ikkunaa.fi\/?portfolio=vmpgroup-fi\">\n\t\t\n\t\t\t\t\t<div class=\"entry--content\" data-bg=\"https:\/\/506ikkunaa.fi\/wp-content\/uploads\/2019\/10\/vmp-1365x1024.jpg\"><\/div>\n\t\t\t\t\n\t\t<div class=\"overlay overlay-light hidden\" data-overlay=\"9\" data-pos=\"bottom\">\n\t\t\t<div class=\"overlay-content\">\n\t\t\t\t<h5 class=\"title\">Vmpgroup.fi<\/h5>\t\t\t\t<div class=\"cat\">Graafinen suunnittelu, Web-suunnittelu, WordPress<\/div>\n\t\t\t<\/div>\n\t\t<\/div>\n\t\t\n\t<\/a>\n<\/div>\n<div id=\"portfolio-220\" class=\"entry work-entry  logosuunnittelu w2\">\n\t<a href=\"https:\/\/506ikkunaa.fi\/?portfolio=gtfr\">\n\t\t\n\t\t\t\t\t<div class=\"entry--content\" data-bg=\"https:\/\/506ikkunaa.fi\/wp-content\/uploads\/2019\/10\/logo-paint.png\"><\/div>\n\t\t\t\t\n\t\t<div class=\"overlay overlay-light hidden\" data-overlay=\"9\" data-pos=\"bottom\">\n\t\t\t<div class=\"overlay-content\">\n\t\t\t\t<h5 class=\"title\">GTFR<\/h5>\t\t\t\t<div class=\"cat\">Logosuunnittelu<\/div>\n\t\t\t<\/div>\n\t\t<\/div>\n\t\t\n\t<\/a>\n<\/div>\n<div id=\"portfolio-221\" class=\"entry work-entry  graafinen-suunnittelu web-suunnittelu wordpress \">\n\t<a href=\"https:\/\/506ikkunaa.fi\/?portfolio=gtfr-fi\">\n\t\t\n\t\t\t\t\t<div class=\"entry--content\" data-bg=\"https:\/\/506ikkunaa.fi\/wp-content\/uploads\/2019\/10\/gtfr-1365x1024.jpg\"><\/div>\n\t\t\t\t\n\t\t<div class=\"overlay overlay-light hidden\" data-overlay=\"9\" data-pos=\"bottom\">\n\t\t\t<div class=\"overlay-content\">\n\t\t\t\t<h5 class=\"title\">Gtfr.fi<\/h5>\t\t\t\t<div class=\"cat\">Graafinen suunnittelu, Web-suunnittelu, WordPress<\/div>\n\t\t\t<\/div>\n\t\t<\/div>\n\t\t\n\t<\/a>\n<\/div>\n<div id=\"portfolio-97\" class=\"entry work-entry  graafinen-suunnittelu web-suunnittelu wordpress \">\n\t<a href=\"https:\/\/506ikkunaa.fi\/?portfolio=alinahoivatiimi-fi\">\n\t\t\n\t\t\t\t\t<div class=\"entry--content\" data-bg=\"https:\/\/506ikkunaa.fi\/wp-content\/uploads\/2019\/10\/alina-1536x1024.jpg\"><\/div>\n\t\t\t\t\n\t\t<div class=\"overlay overlay-light hidden\" data-overlay=\"9\" data-pos=\"bottom\">\n\t\t\t<div class=\"overlay-content\">\n\t\t\t\t<h5 class=\"title\">Alinahoivatiimi.fi<\/h5>\t\t\t\t<div class=\"cat\">Graafinen suunnittelu, Web-suunnittelu, WordPress<\/div>\n\t\t\t<\/div>\n\t\t<\/div>\n\t\t\n\t<\/a>\n<\/div>\n<div id=\"portfolio-98\" class=\"entry work-entry  graafinen-suunnittelu web-suunnittelu wordpress \">\n\t<a href=\"https:\/\/506ikkunaa.fi\/?portfolio=yritysluottoja-fi\">\n\t\t\n\t\t\t\t\t<div class=\"entry--content\" data-bg=\"https:\/\/506ikkunaa.fi\/wp-content\/uploads\/2019\/10\/yritysluottoja-1536x1024.jpg\"><\/div>\n\t\t\t\t\n\t\t<div class=\"overlay overlay-light hidden\" data-overlay=\"9\" data-pos=\"bottom\">\n\t\t\t<div class=\"overlay-content\">\n\t\t\t\t<h5 class=\"title\">Yritysluottoja.fi<\/h5>\t\t\t\t<div class=\"cat\">Graafinen suunnittelu, Web-suunnittelu, WordPress<\/div>\n\t\t\t<\/div>\n\t\t<\/div>\n\t\t\n\t<\/a>\n<\/div>\n<div id=\"portfolio-300\" class=\"entry work-entry  logosuunnittelu \">\n\t<a href=\"https:\/\/506ikkunaa.fi\/?portfolio=taiko\">\n\t\t\n\t\t\t\t\t<div class=\"entry--content\" data-bg=\"https:\/\/506ikkunaa.fi\/wp-content\/uploads\/2019\/10\/logo-square.png\"><\/div>\n\t\t\t\t\n\t\t<div class=\"overlay overlay-light hidden\" data-overlay=\"9\" data-pos=\"bottom\">\n\t\t\t<div class=\"overlay-content\">\n\t\t\t\t<h5 class=\"title\">Taiko<\/h5>\t\t\t\t<div class=\"cat\">Logosuunnittelu<\/div>\n\t\t\t<\/div>\n\t\t<\/div>\n\t\t\n\t<\/a>\n<\/div>\n<div id=\"portfolio-95\" class=\"entry work-entry  graafinen-suunnittelu web-suunnittelu wordpress \">\n\t<a href=\"https:\/\/506ikkunaa.fi\/?portfolio=frisbeegolfliitto-fi\">\n\t\t\n\t\t\t\t\t<div class=\"entry--content\" data-bg=\"https:\/\/506ikkunaa.fi\/wp-content\/uploads\/2019\/10\/sfl-1826x1024.jpg\"><\/div>\n\t\t\t\t\n\t\t<div class=\"overlay overlay-light hidden\" data-overlay=\"9\" data-pos=\"bottom\">\n\t\t\t<div class=\"overlay-content\">\n\t\t\t\t<h5 class=\"title\">Frisbeegolfliitto.fi<\/h5>\t\t\t\t<div class=\"cat\">Graafinen suunnittelu, Web-suunnittelu, WordPress<\/div>\n\t\t\t<\/div>\n\t\t<\/div>\n\t\t\n\t<\/a>\n<\/div>\n<div id=\"portfolio-96\" class=\"entry work-entry  graafinen-suunnittelu web-suunnittelu wordpress \">\n\t<a href=\"https:\/\/506ikkunaa.fi\/?portfolio=vohek-fi\">\n\t\t\n\t\t\t\t\t<div class=\"entry--content\" data-bg=\"https:\/\/506ikkunaa.fi\/wp-content\/uploads\/2019\/10\/vohek-1365x1024.jpg\"><\/div>\n\t\t\t\t\n\t\t<div class=\"overlay overlay-light hidden\" data-overlay=\"9\" data-pos=\"bottom\">\n\t\t\t<div class=\"overlay-content\">\n\t\t\t\t<h5 class=\"title\">Vohek.fi<\/h5>\t\t\t\t<div class=\"cat\">Graafinen suunnittelu, Web-suunnittelu, WordPress<\/div>\n\t\t\t<\/div>\n\t\t<\/div>\n\t\t\n\t<\/a>\n<\/div>\n<div id=\"portfolio-99\" class=\"entry work-entry  graafinen-suunnittelu web-suunnittelu wordpress \">\n\t<a href=\"https:\/\/506ikkunaa.fi\/?portfolio=skooppi-fi\">\n\t\t\n\t\t\t\t\t<div class=\"entry--content\" data-bg=\"https:\/\/506ikkunaa.fi\/wp-content\/uploads\/2019\/10\/skooppi-1365x1024.jpg\"><\/div>\n\t\t\t\t\n\t\t<div class=\"overlay overlay-light hidden\" data-overlay=\"9\" data-pos=\"bottom\">\n\t\t\t<div class=\"overlay-content\">\n\t\t\t\t<h5 class=\"title\">Skooppi.fi<\/h5>\t\t\t\t<div class=\"cat\">Graafinen suunnittelu, Web-suunnittelu, WordPress<\/div>\n\t\t\t<\/div>\n\t\t<\/div>\n\t\t\n\t<\/a>\n<\/div>\n<div id=\"portfolio-79\" class=\"entry work-entry  graafinen-suunnittelu web-suunnittelu wordpress \">\n\t<a href=\"https:\/\/506ikkunaa.fi\/?portfolio=acusta-fi\">\n\t\t\n\t\t\t\t\t<div class=\"entry--content\" data-bg=\"https:\/\/506ikkunaa.fi\/wp-content\/uploads\/2019\/10\/acusta-1365x1024.jpg\"><\/div>\n\t\t\t\t\n\t\t<div class=\"overlay overlay-light hidden\" data-overlay=\"9\" data-pos=\"bottom\">\n\t\t\t<div class=\"overlay-content\">\n\t\t\t\t<h5 class=\"title\">Acusta.fi<\/h5>\t\t\t\t<div class=\"cat\">Graafinen suunnittelu, Web-suunnittelu, WordPress<\/div>\n\t\t\t<\/div>\n\t\t<\/div>\n\t\t\n\t<\/a>\n<\/div>\n<div id=\"portfolio-293\" class=\"entry work-entry  videotyot \">\n\t<a href=\"https:\/\/506ikkunaa.fi\/?portfolio=insomnium-revelation\">\n\t\t\n\t\t\t\t\t<div class=\"entry--content\" data-bg=\"https:\/\/506ikkunaa.fi\/wp-content\/uploads\/2019\/10\/INSOMNIUM_-_Revelation__LYRIC_VIDEO-1900x1019.jpg\"><\/div>\n\t\t\t\t\n\t\t<div class=\"overlay overlay-light hidden\" data-overlay=\"9\" data-pos=\"bottom\">\n\t\t\t<div class=\"overlay-content\">\n\t\t\t\t<h5 class=\"title\">Insomnium &#8211; Revelation<\/h5>\t\t\t\t<div class=\"cat\">Videoty\u00f6t<\/div>\n\t\t\t<\/div>\n\t\t<\/div>\n\t\t\n\t<\/a>\n<\/div>\n<div id=\"portfolio-210\" class=\"entry work-entry  graafinen-suunnittelu web-suunnittelu wordpress \">\n\t<a href=\"https:\/\/506ikkunaa.fi\/?portfolio=viisipaivaa-fi\">\n\t\t\n\t\t\t\t\t<div class=\"entry--content\" data-bg=\"https:\/\/506ikkunaa.fi\/wp-content\/uploads\/2019\/10\/viispaivaa-1365x1024.jpg\"><\/div>\n\t\t\t\t\n\t\t<div class=\"overlay overlay-light hidden\" data-overlay=\"9\" data-pos=\"bottom\">\n\t\t\t<div class=\"overlay-content\">\n\t\t\t\t<h5 class=\"title\">Viisipaivaa.fi<\/h5>\t\t\t\t<div class=\"cat\">Graafinen suunnittelu, Web-suunnittelu, WordPress<\/div>\n\t\t\t<\/div>\n\t\t<\/div>\n\t\t\n\t<\/a>\n<\/div>\n<div id=\"portfolio-207\" class=\"entry work-entry  graafinen-suunnittelu web-suunnittelu \">\n\t<a href=\"https:\/\/506ikkunaa.fi\/?portfolio=amsecurity-fi\">\n\t\t\n\t\t\t\t\t<div class=\"entry--content\" data-bg=\"https:\/\/506ikkunaa.fi\/wp-content\/uploads\/2019\/10\/amsecurity-1900x894.jpg\"><\/div>\n\t\t\t\t\n\t\t<div class=\"overlay overlay-light hidden\" data-overlay=\"9\" data-pos=\"bottom\">\n\t\t\t<div class=\"overlay-content\">\n\t\t\t\t<h5 class=\"title\">Amsecurity.fi<\/h5>\t\t\t\t<div class=\"cat\">Graafinen suunnittelu, Web-suunnittelu<\/div>\n\t\t\t<\/div>\n\t\t<\/div>\n\t\t\n\t<\/a>\n<\/div>\n<div id=\"portfolio-206\" class=\"entry work-entry  graafinen-suunnittelu web-suunnittelu wordpress \">\n\t<a href=\"https:\/\/506ikkunaa.fi\/?portfolio=plus-fi\">\n\t\t\n\t\t\t\t\t<div class=\"entry--content\" data-bg=\"https:\/\/506ikkunaa.fi\/wp-content\/uploads\/2019\/10\/plus-1365x1024.jpg\"><\/div>\n\t\t\t\t\n\t\t<div class=\"overlay overlay-light hidden\" data-overlay=\"9\" data-pos=\"bottom\">\n\t\t\t<div class=\"overlay-content\">\n\t\t\t\t<h5 class=\"title\">Plus.fi<\/h5>\t\t\t\t<div class=\"cat\">Graafinen suunnittelu, Web-suunnittelu, WordPress<\/div>\n\t\t\t<\/div>\n\t\t<\/div>\n\t\t\n\t<\/a>\n<\/div>\n<div id=\"portfolio-205\" class=\"entry work-entry  graafinen-suunnittelu web-suunnittelu wordpress \">\n\t<a href=\"https:\/\/506ikkunaa.fi\/?portfolio=marttakeittiot-fi\">\n\t\t\n\t\t\t\t\t<div class=\"entry--content\" data-bg=\"https:\/\/506ikkunaa.fi\/wp-content\/uploads\/2019\/10\/marttakeittiot-1830x1024.jpg\"><\/div>\n\t\t\t\t\n\t\t<div class=\"overlay overlay-light hidden\" data-overlay=\"9\" data-pos=\"bottom\">\n\t\t\t<div class=\"overlay-content\">\n\t\t\t\t<h5 class=\"title\">Marttakeittiot.fi<\/h5>\t\t\t\t<div class=\"cat\">Graafinen suunnittelu, Web-suunnittelu, WordPress<\/div>\n\t\t\t<\/div>\n\t\t<\/div>\n\t\t\n\t<\/a>\n<\/div>\n<div id=\"portfolio-286\" class=\"entry work-entry  logosuunnittelu \">\n\t<a href=\"https:\/\/506ikkunaa.fi\/?portfolio=lansi-1\">\n\t\t\n\t\t\t\t\t<div class=\"entry--content\" data-bg=\"https:\/\/506ikkunaa.fi\/wp-content\/uploads\/2019\/10\/lansi-1.png\"><\/div>\n\t\t\t\t\n\t\t<div class=\"overlay overlay-light hidden\" data-overlay=\"9\" data-pos=\"bottom\">\n\t\t\t<div class=\"overlay-content\">\n\t\t\t\t<h5 class=\"title\">L\u00e4nsi 1<\/h5>\t\t\t\t<div class=\"cat\">Logosuunnittelu<\/div>\n\t\t\t<\/div>\n\t\t<\/div>\n\t\t\n\t<\/a>\n<\/div>\n<div id=\"portfolio-282\" class=\"entry work-entry  logosuunnittelu \">\n\t<a href=\"https:\/\/506ikkunaa.fi\/?portfolio=sporttibaari\">\n\t\t\n\t\t\t\t\t<div class=\"entry--content\" data-bg=\"https:\/\/506ikkunaa.fi\/wp-content\/uploads\/2019\/10\/sporttibaari-logo-2-1900x494.jpg\"><\/div>\n\t\t\t\t\n\t\t<div class=\"overlay overlay-light hidden\" data-overlay=\"9\" data-pos=\"bottom\">\n\t\t\t<div class=\"overlay-content\">\n\t\t\t\t<h5 class=\"title\">Sporttibaari<\/h5>\t\t\t\t<div class=\"cat\">Logosuunnittelu<\/div>\n\t\t\t<\/div>\n\t\t<\/div>\n\t\t\n\t<\/a>\n<\/div>\n<div id=\"portfolio-212\" class=\"entry work-entry  graafinen-suunnittelu web-suunnittelu wordpress \">\n\t<a href=\"https:\/\/506ikkunaa.fi\/?portfolio=tuike-fi\">\n\t\t\n\t\t\t\t\t<div class=\"entry--content\" data-bg=\"https:\/\/506ikkunaa.fi\/wp-content\/uploads\/2019\/10\/tuike-1365x1024.jpg\"><\/div>\n\t\t\t\t\n\t\t<div class=\"overlay overlay-light hidden\" data-overlay=\"9\" data-pos=\"bottom\">\n\t\t\t<div class=\"overlay-content\">\n\t\t\t\t<h5 class=\"title\">Tuike.fi<\/h5>\t\t\t\t<div class=\"cat\">Graafinen suunnittelu, Web-suunnittelu, WordPress<\/div>\n\t\t\t<\/div>\n\t\t<\/div>\n\t\t\n\t<\/a>\n<\/div>\n<div id=\"portfolio-214\" class=\"entry work-entry  logosuunnittelu \">\n\t<a href=\"https:\/\/506ikkunaa.fi\/?portfolio=oy-tiliteho-ab\">\n\t\t\n\t\t\t\t\t<div class=\"entry--content\" data-bg=\"https:\/\/506ikkunaa.fi\/wp-content\/uploads\/2019\/10\/logo.jpg\"><\/div>\n\t\t\t\t\n\t\t<div class=\"overlay overlay-light hidden\" data-overlay=\"9\" data-pos=\"bottom\">\n\t\t\t<div class=\"overlay-content\">\n\t\t\t\t<h5 class=\"title\">Oy Tiliteho Ab<\/h5>\t\t\t\t<div class=\"cat\">Logosuunnittelu<\/div>\n\t\t\t<\/div>\n\t\t<\/div>\n\t\t\n\t<\/a>\n<\/div>\n<div id=\"portfolio-211\" class=\"entry work-entry  graafinen-suunnittelu web-suunnittelu \">\n\t<a href=\"https:\/\/506ikkunaa.fi\/?portfolio=insomnium-net\">\n\t\t\n\t\t\t\t\t<div class=\"entry--content\" data-bg=\"https:\/\/506ikkunaa.fi\/wp-content\/uploads\/2019\/10\/insomnium-1365x1024.jpg\"><\/div>\n\t\t\t\t\n\t\t<div class=\"overlay overlay-light hidden\" data-overlay=\"9\" data-pos=\"bottom\">\n\t\t\t<div class=\"overlay-content\">\n\t\t\t\t<h5 class=\"title\">Insomnium.net<\/h5>\t\t\t\t<div class=\"cat\">Graafinen suunnittelu, Web-suunnittelu<\/div>\n\t\t\t<\/div>\n\t\t<\/div>\n\t\t\n\t<\/a>\n<\/div>\n<div id=\"portfolio-208\" class=\"entry work-entry  graafinen-suunnittelu web-suunnittelu \">\n\t<a href=\"https:\/\/506ikkunaa.fi\/?portfolio=yogame\">\n\t\t\n\t\t\t\t\t<div class=\"entry--content\" data-bg=\"https:\/\/506ikkunaa.fi\/wp-content\/uploads\/2019\/10\/yogame-1536x1024.jpg\"><\/div>\n\t\t\t\t\n\t\t<div class=\"overlay overlay-light hidden\" data-overlay=\"9\" data-pos=\"bottom\">\n\t\t\t<div class=\"overlay-content\">\n\t\t\t\t<h5 class=\"title\">YogaMe<\/h5>\t\t\t\t<div class=\"cat\">Graafinen suunnittelu, Web-suunnittelu<\/div>\n\t\t\t<\/div>\n\t\t<\/div>\n\t\t\n\t<\/a>\n<\/div>\n<div id=\"portfolio-215\" class=\"entry work-entry  logosuunnittelu \">\n\t<a href=\"https:\/\/506ikkunaa.fi\/?portfolio=insinooritoimisto-matti-jokinen\">\n\t\t\n\t\t\t\t\t<div class=\"entry--content\" data-bg=\"https:\/\/506ikkunaa.fi\/wp-content\/uploads\/2019\/10\/imj-logo-rgb.jpg\"><\/div>\n\t\t\t\t\n\t\t<div class=\"overlay overlay-light hidden\" data-overlay=\"9\" data-pos=\"bottom\">\n\t\t\t<div class=\"overlay-content\">\n\t\t\t\t<h5 class=\"title\">Insin\u00f6\u00f6ritoimisto Matti Jokinen<\/h5>\t\t\t\t<div class=\"cat\">Logosuunnittelu<\/div>\n\t\t\t<\/div>\n\t\t<\/div>\n\t\t\n\t<\/a>\n<\/div>\n<div id=\"portfolio-209\" class=\"entry work-entry  graafinen-suunnittelu \">\n\t<a href=\"https:\/\/506ikkunaa.fi\/?portfolio=akavanerityisalat-fi\">\n\t\t\n\t\t\t\t\t<div class=\"entry--content\" data-bg=\"https:\/\/506ikkunaa.fi\/wp-content\/uploads\/2019\/10\/akavaerityisalat-1536x1024.jpg\"><\/div>\n\t\t\t\t\n\t\t<div class=\"overlay overlay-light hidden\" data-overlay=\"9\" data-pos=\"bottom\">\n\t\t\t<div class=\"overlay-content\">\n\t\t\t\t<h5 class=\"title\">Akavanerityisalat.fi<\/h5>\t\t\t\t<div class=\"cat\">Graafinen suunnittelu<\/div>\n\t\t\t<\/div>\n\t\t<\/div>\n\t\t\n\t<\/a>\n<\/div>\n<div id=\"portfolio-217\" class=\"entry work-entry  logosuunnittelu \">\n\t<a href=\"https:\/\/506ikkunaa.fi\/?portfolio=redberg-agency\">\n\t\t\n\t\t\t\t\t<div class=\"entry--content\" data-bg=\"https:\/\/506ikkunaa.fi\/wp-content\/uploads\/2019\/10\/redberg.jpg\"><\/div>\n\t\t\t\t\n\t\t<div class=\"overlay overlay-light hidden\" data-overlay=\"9\" data-pos=\"bottom\">\n\t\t\t<div class=\"overlay-content\">\n\t\t\t\t<h5 class=\"title\">RedBerg Agency<\/h5>\t\t\t\t<div class=\"cat\">Logosuunnittelu<\/div>\n\t\t\t<\/div>\n\t\t<\/div>\n\t\t\n\t<\/a>\n<\/div>\n<div id=\"portfolio-216\" class=\"entry work-entry  logosuunnittelu \">\n\t<a href=\"https:\/\/506ikkunaa.fi\/?portfolio=vuorivasara\">\n\t\t\n\t\t\t\t\t<div class=\"entry--content\" data-bg=\"https:\/\/506ikkunaa.fi\/wp-content\/uploads\/2019\/10\/vuorivasara.jpg\"><\/div>\n\t\t\t\t\n\t\t<div class=\"overlay overlay-light hidden\" data-overlay=\"9\" data-pos=\"bottom\">\n\t\t\t<div class=\"overlay-content\">\n\t\t\t\t<h5 class=\"title\">Vuorivasara<\/h5>\t\t\t\t<div class=\"cat\">Logosuunnittelu<\/div>\n\t\t\t<\/div>\n\t\t<\/div>\n\t\t\n\t<\/a>\n<\/div>\n<div id=\"portfolio-219\" class=\"entry work-entry  logosuunnittelu \">\n\t<a href=\"https:\/\/506ikkunaa.fi\/?portfolio=esoft\">\n\t\t\n\t\t\t\t\t<div class=\"entry--content\" data-bg=\"https:\/\/506ikkunaa.fi\/wp-content\/uploads\/2019\/10\/esoft.jpg\"><\/div>\n\t\t\t\t\n\t\t<div class=\"overlay overlay-light hidden\" data-overlay=\"9\" data-pos=\"bottom\">\n\t\t\t<div class=\"overlay-content\">\n\t\t\t\t<h5 class=\"title\">eSoft<\/h5>\t\t\t\t<div class=\"cat\">Logosuunnittelu<\/div>\n\t\t\t<\/div>\n\t\t<\/div>\n\t\t\n\t<\/a>\n<\/div>\n<div id=\"portfolio-213\" class=\"entry work-entry  logosuunnittelu \">\n\t<a href=\"https:\/\/506ikkunaa.fi\/?portfolio=hilla-slings\">\n\t\t\n\t\t\t\t\t<div class=\"entry--content\" data-bg=\"https:\/\/506ikkunaa.fi\/wp-content\/uploads\/2019\/10\/hilla-slings-logo-1.png\"><\/div>\n\t\t\t\t\n\t\t<div class=\"overlay overlay-light hidden\" data-overlay=\"9\" data-pos=\"bottom\">\n\t\t\t<div class=\"overlay-content\">\n\t\t\t\t<h5 class=\"title\">Hilla Slings<\/h5>\t\t\t\t<div class=\"cat\">Logosuunnittelu<\/div>\n\t\t\t<\/div>\n\t\t<\/div>\n\t\t\n\t<\/a>\n<\/div>\t<\/div>\n\t\n<\/div>[\/vc_column][\/vc_row]<\/p>\n<div class=\"clearfix\"><\/div>","protected":false},"excerpt":{"rendered":"<p>[vc_section][vc_row][vc_column][vc_column_text] Referenssit. Suurin osa t\u00f6ist\u00e4ni on niin isoille, kuin pienillekin toimijoille tehty\u00e4 alihankintaa ja my\u00f6s salassapidon alaista, mutta t\u00e4ss\u00e4 joitakin valikoituja ty\u00f6n\u00e4ytteit\u00e4 vuosien varrelta.[\/vc_column_text][\/vc_column][\/vc_row][\/vc_section][vc_row full_width=&#8221;stretch_row_content_no_spaces&#8221;][vc_column][\/vc_column][\/vc_row]<\/p>\n","protected":false},"author":1,"featured_media":0,"parent":0,"menu_order":0,"comment_status":"closed","ping_status":"closed","template":"","meta":[],"_links":{"self":[{"href":"https:\/\/506ikkunaa.fi\/index.php?rest_route=\/wp\/v2\/pages\/118"}],"collection":[{"href":"https:\/\/506ikkunaa.fi\/index.php?rest_route=\/wp\/v2\/pages"}],"about":[{"href":"https:\/\/506ikkunaa.fi\/index.php?rest_route=\/wp\/v2\/types\/page"}],"author":[{"embeddable":true,"href":"https:\/\/506ikkunaa.fi\/index.php?rest_route=\/wp\/v2\/users\/1"}],"replies":[{"embeddable":true,"href":"https:\/\/506ikkunaa.fi\/index.php?rest_route=%2Fwp%2Fv2%2Fcomments&post=118"}],"version-history":[{"count":4,"href":"https:\/\/506ikkunaa.fi\/index.php?rest_route=\/wp\/v2\/pages\/118\/revisions"}],"predecessor-version":[{"id":316,"href":"https:\/\/506ikkunaa.fi\/index.php?rest_route=\/wp\/v2\/pages\/118\/revisions\/316"}],"wp:attachment":[{"href":"https:\/\/506ikkunaa.fi\/index.php?rest_route=%2Fwp%2Fv2%2Fmedia&parent=118"}],"curies":[{"name":"wp","href":"https:\/\/api.w.org\/{rel}","templated":true}]}}