{"id":38,"date":"2017-12-10T03:18:11","date_gmt":"2017-12-10T01:18:11","guid":{"rendered":"http:\/\/tommustester.wpengine.com\/?page_id=38"},"modified":"2019-10-23T09:37:43","modified_gmt":"2019-10-23T06:37:43","slug":"yhteys","status":"publish","type":"page","link":"https:\/\/506ikkunaa.fi\/?page_id=38","title":{"rendered":"Ota yhteytt\u00e4"},"content":{"rendered":"<p>[vc_section][vc_row][vc_column][vc_column_text]<\/p>\n<h4>Otahan yhteytt\u00e4.<\/h4>\n<h5 class=\"text-color\">Parhaiten yhteys toimii numerossa 045 678 1591, mutta huonoksi se ei j\u00e4\u00e4 kirjoittamalla s\u00e4hk\u00f6postia osoitteeseen <a href=\"mailto:vesa@506ikkunaa.fi\">vesa@506ikkunaa.fi<\/a> tai yksinkertaisesti k\u00e4ytt\u00e4m\u00e4ll\u00e4 oheista lomaketta.<\/h5>\n<p>[\/vc_column_text][\/vc_column][\/vc_row][\/vc_section][vc_section full_width=&#8221;stretch_row&#8221; css=&#8221;.vc_custom_1512879358088{background-color: #f5f5f5 !important;}&#8221;][vc_row][vc_column width=&#8221;1\/2&#8243;][vc_column_text]<\/p>\n<h6>Osoite<\/h6>\n<p>Yliopistonkatu 39-41 B47<br \/>\n20100 Turku<\/p>\n<h6>GSM<\/h6>\n<p>+358 45678 1591<\/p>\n<h6>EMAIL<\/h6>\n<p><a class=\"link\" href=\"mailto:vesa@506ikkunaa.fi\">vesa@506ikkunaa.fi<\/a>[\/vc_column_text][\/vc_column][vc_column width=&#8221;1\/2&#8243;]<div role=\"form\" class=\"wpcf7\" id=\"wpcf7-f34-o1\" lang=\"en-US\" dir=\"ltr\">\n<div class=\"screen-reader-response\"><p role=\"status\" aria-live=\"polite\" aria-atomic=\"true\"><\/p> <ul><\/ul><\/div>\n<form action=\"\/index.php?rest_route=%2Fwp%2Fv2%2Fpages%2F38#wpcf7-f34-o1\" method=\"post\" class=\"wpcf7-form init\" novalidate=\"novalidate\" data-status=\"init\">\n<div style=\"display: none;\">\n<input type=\"hidden\" name=\"_wpcf7\" value=\"34\" \/>\n<input type=\"hidden\" name=\"_wpcf7_version\" value=\"5.3\" \/>\n<input type=\"hidden\" name=\"_wpcf7_locale\" value=\"en_US\" \/>\n<input type=\"hidden\" name=\"_wpcf7_unit_tag\" value=\"wpcf7-f34-o1\" \/>\n<input type=\"hidden\" name=\"_wpcf7_container_post\" value=\"0\" \/>\n<input type=\"hidden\" name=\"_wpcf7_posted_data_hash\" value=\"\" \/>\n<\/div>\n<h6>Ota yhteytt\u00e4<\/h6>\n<div class=\"form-group\"><label>Nimi<\/label><span class=\"wpcf7-form-control-wrap your-name\"><input type=\"text\" name=\"your-name\" value=\"\" size=\"40\" class=\"wpcf7-form-control wpcf7-text wpcf7-validates-as-required\" aria-required=\"true\" aria-invalid=\"false\" \/><\/span><\/div>\n<div class=\"form-group\"><label>Email<\/label><span class=\"wpcf7-form-control-wrap your-email\"><input type=\"email\" name=\"your-email\" value=\"\" size=\"40\" class=\"wpcf7-form-control wpcf7-text wpcf7-email wpcf7-validates-as-required wpcf7-validates-as-email\" aria-required=\"true\" aria-invalid=\"false\" \/><\/span><\/div>\n<div class=\"form-group\"><label>Viesti<\/label><span class=\"wpcf7-form-control-wrap your-message\"><textarea name=\"your-message\" cols=\"40\" rows=\"10\" class=\"wpcf7-form-control wpcf7-textarea wpcf7-validates-as-required\" aria-required=\"true\" aria-invalid=\"false\"><\/textarea><\/span><\/div>\n<div class=\"form-group\"><input type=\"submit\" value=\"L\u00e4het\u00e4\" class=\"wpcf7-form-control wpcf7-submit\" \/><\/div>\n<div class=\"wpcf7-response-output\" aria-hidden=\"true\"><\/div><\/form><\/div>[\/vc_column][\/vc_row][\/vc_section]<\/p>\n<div class=\"clearfix\"><\/div>","protected":false},"excerpt":{"rendered":"<p>[vc_section][vc_row][vc_column][vc_column_text] Otahan yhteytt\u00e4. Parhaiten yhteys toimii numerossa 045 678 1591, mutta huonoksi se ei j\u00e4\u00e4 kirjoittamalla s\u00e4hk\u00f6postia osoitteeseen vesa@506ikkunaa.fi tai yksinkertaisesti k\u00e4ytt\u00e4m\u00e4ll\u00e4 oheista lomaketta. [\/vc_column_text][\/vc_column][\/vc_row][\/vc_section][vc_section full_width=&#8221;stretch_row&#8221; css=&#8221;.vc_custom_1512879358088{background-color: #f5f5f5 !important;}&#8221;][vc_row][vc_column width=&#8221;1\/2&#8243;][vc_column_text] Osoite Yliopistonkatu 39-41 B47 20100 Turku GSM +358 45678 1591&#8230;<\/p>\n","protected":false},"author":1,"featured_media":0,"parent":0,"menu_order":0,"comment_status":"closed","ping_status":"closed","template":"","meta":[],"_links":{"self":[{"href":"https:\/\/506ikkunaa.fi\/index.php?rest_route=\/wp\/v2\/pages\/38"}],"collection":[{"href":"https:\/\/506ikkunaa.fi\/index.php?rest_route=\/wp\/v2\/pages"}],"about":[{"href":"https:\/\/506ikkunaa.fi\/index.php?rest_route=\/wp\/v2\/types\/page"}],"author":[{"embeddable":true,"href":"https:\/\/506ikkunaa.fi\/index.php?rest_route=\/wp\/v2\/users\/1"}],"replies":[{"embeddable":true,"href":"https:\/\/506ikkunaa.fi\/index.php?rest_route=%2Fwp%2Fv2%2Fcomments&post=38"}],"version-history":[{"count":5,"href":"https:\/\/506ikkunaa.fi\/index.php?rest_route=\/wp\/v2\/pages\/38\/revisions"}],"predecessor-version":[{"id":307,"href":"https:\/\/506ikkunaa.fi\/index.php?rest_route=\/wp\/v2\/pages\/38\/revisions\/307"}],"wp:attachment":[{"href":"https:\/\/506ikkunaa.fi\/index.php?rest_route=%2Fwp%2Fv2%2Fmedia&parent=38"}],"curies":[{"name":"wp","href":"https:\/\/api.w.org\/{rel}","templated":true}]}}