{"id":53,"date":"2017-12-10T04:20:51","date_gmt":"2017-12-10T02:20:51","guid":{"rendered":"http:\/\/tommustester.wpengine.com\/?page_id=53"},"modified":"2019-10-14T00:35:49","modified_gmt":"2019-10-13T21:35:49","slug":"palvelut","status":"publish","type":"page","link":"https:\/\/506ikkunaa.fi\/?page_id=53","title":{"rendered":"Palvelut"},"content":{"rendered":"<p>[vc_section][vc_row][vc_column][vc_column_text]<\/p>\n<h4 class=\"text-color\">Tarvitsetko verkkosivut? Vai kenties jotain aivan muuta?<\/h4>\n<p>[\/vc_column_text][\/vc_column][\/vc_row][\/vc_section][vc_section full_width=&#8221;stretch_row&#8221; full_height=&#8221;yes&#8221; css=&#8221;.vc_custom_1571002546992{background-image: url(https:\/\/506ikkunaa.fi\/wp-content\/uploads\/2017\/12\/post-01.jpg?id=25) !important;background-position: center !important;background-repeat: no-repeat !important;background-size: cover !important;}&#8221;][\/vc_section][vc_section full_width=&#8221;stretch_row&#8221; css=&#8221;.vc_custom_1512879842775{background-color: #f5f5f5 !important;}&#8221;][vc_row][vc_column width=&#8221;1\/3&#8243;][vc_column_text]<\/p>\n<h4 class=\"text-color\">Palvelut.<\/h4>\n<p>[\/vc_column_text][\/vc_column][vc_column width=&#8221;2\/3&#8243;][vc_column_text]<\/p>\n<p class=\"lead\">506 ikkunaa on Turku-Pori -akselilla toimiva yhden miehen yritys, joka on erikoistunut pk-sektorin verkkosivujen toteutukseen avaimet k\u00e4teen -periaatteella. Lis\u00e4ksi teen my\u00f6s paljon alihankintaa eri digi- ja mainostoimistoille.<\/p>\n<p>Erityisosaamistani ovat WordPress-toteutukset, sek\u00e4 graafinen suunnittelu, mutta kivenkovaa osaamista l\u00f6ytyy my\u00f6s mm. videoty\u00f6st\u00e4 ja 3D-mallinnuksesta sek\u00e4 perinteisemmist\u00e4 paino- ja taittot\u00f6ist\u00e4.<\/p>\n<p>Verkostooni kuuluu my\u00f6s iso joukko eri alojen huippuosaajia, joten resurssit l\u00e4pivied\u00e4 suuriakin projekteja ovat hyv\u00e4t.[\/vc_column_text][vc_empty_space height=&#8221;5px&#8221;][vc_row_inner][vc_column_inner width=&#8221;1\/2&#8243;][vc_column_text]WordPress toteutukset<\/p>\n<p>Verkkosivustot<\/p>\n<p>Hakukoneoptimointi<\/p>\n<p>Domainit<\/p>\n<p>Webhosting[\/vc_column_text][\/vc_column_inner][vc_column_inner width=&#8221;1\/2&#8243;][vc_column_text]Graafinen suunnittelu<\/p>\n<p>K\u00e4ytt\u00f6liittym\u00e4suunnittelu (UX)<\/p>\n<p>Videoty\u00f6t<\/p>\n<p>Paino- ja taittoty\u00f6t[\/vc_column_text][\/vc_column_inner][\/vc_row_inner][\/vc_column][\/vc_row][vc_row css=&#8221;.vc_custom_1512879889935{padding-top: 55px !important;}&#8221;][vc_column width=&#8221;1\/3&#8243;][vc_column_text]<\/p>\n<h4 class=\"text-color\">Otahan yhteytt\u00e4.<\/h4>\n<p>[\/vc_column_text][\/vc_column][vc_column width=&#8221;2\/3&#8243;][vc_column_text]<\/p>\n<p class=\"lead\">Mik\u00e4li olet vailla jotain yll\u00e4 mainituista palveluista, niin rimpautahan numeroon\u00a0<a href=\"tel:+358456781591\">045 678 1591<\/a> ja anna minun vakuuttaa sinut.<\/p>\n<h5><a class=\"link\" href=\"\/yhteys\/\">Ota yhteytt\u00e4<\/a><\/h5>\n<p>[\/vc_column_text][\/vc_column][\/vc_row][\/vc_section]<\/p>\n<div class=\"clearfix\"><\/div>","protected":false},"excerpt":{"rendered":"<p>[vc_section][vc_row][vc_column][vc_column_text] Tarvitsetko verkkosivut? Vai kenties jotain aivan muuta? [\/vc_column_text][\/vc_column][\/vc_row][\/vc_section][vc_section full_width=&#8221;stretch_row&#8221; full_height=&#8221;yes&#8221; css=&#8221;.vc_custom_1571002546992{background-image: url(https:\/\/506ikkunaa.fi\/wp-content\/uploads\/2017\/12\/post-01.jpg?id=25) !important;background-position: center !important;background-repeat: no-repeat !important;background-size: cover !important;}&#8221;][\/vc_section][vc_section full_width=&#8221;stretch_row&#8221; css=&#8221;.vc_custom_1512879842775{background-color: #f5f5f5 !important;}&#8221;][vc_row][vc_column width=&#8221;1\/3&#8243;][vc_column_text] Palvelut. [\/vc_column_text][\/vc_column][vc_column width=&#8221;2\/3&#8243;][vc_column_text] 506 ikkunaa on Turku-Pori -akselilla toimiva yhden miehen yritys, joka on erikoistunut&#8230;<\/p>\n","protected":false},"author":1,"featured_media":0,"parent":0,"menu_order":0,"comment_status":"closed","ping_status":"closed","template":"","meta":[],"_links":{"self":[{"href":"https:\/\/506ikkunaa.fi\/index.php?rest_route=\/wp\/v2\/pages\/53"}],"collection":[{"href":"https:\/\/506ikkunaa.fi\/index.php?rest_route=\/wp\/v2\/pages"}],"about":[{"href":"https:\/\/506ikkunaa.fi\/index.php?rest_route=\/wp\/v2\/types\/page"}],"author":[{"embeddable":true,"href":"https:\/\/506ikkunaa.fi\/index.php?rest_route=\/wp\/v2\/users\/1"}],"replies":[{"embeddable":true,"href":"https:\/\/506ikkunaa.fi\/index.php?rest_route=%2Fwp%2Fv2%2Fcomments&post=53"}],"version-history":[{"count":6,"href":"https:\/\/506ikkunaa.fi\/index.php?rest_route=\/wp\/v2\/pages\/53\/revisions"}],"predecessor-version":[{"id":306,"href":"https:\/\/506ikkunaa.fi\/index.php?rest_route=\/wp\/v2\/pages\/53\/revisions\/306"}],"wp:attachment":[{"href":"https:\/\/506ikkunaa.fi\/index.php?rest_route=%2Fwp%2Fv2%2Fmedia&parent=53"}],"curies":[{"name":"wp","href":"https:\/\/api.w.org\/{rel}","templated":true}]}}